{"id":1616,"date":"2023-07-04T10:07:50","date_gmt":"2023-07-04T10:07:50","guid":{"rendered":"https:\/\/oneparts2.web-devtesting.xyz\/productos-y-servicios\/suspension\/"},"modified":"2023-11-21T16:34:04","modified_gmt":"2023-11-21T16:34:04","slug":"sistema-de-suspension","status":"publish","type":"page","link":"https:\/\/one-spain.com\/es\/productos-y-servicios\/sistema-de-suspension\/","title":{"rendered":"Sistema de Suspensi\u00f3n"},"content":{"rendered":"\t\t<div data-elementor-type=\"wp-page\" data-elementor-id=\"1616\" class=\"elementor elementor-1616 elementor-384\">\n\t\t\t\t\t\t\t<div class=\"elementor-element elementor-element-555ac8f e-flex e-con-boxed e-con e-parent\" data-id=\"555ac8f\" data-element_type=\"container\" data-settings=\"{&quot;background_background&quot;:&quot;classic&quot;,&quot;content_width&quot;:&quot;boxed&quot;}\" data-e-bg-lazyload=\"\" data-core-v316-plus=\"true\">\n\t\t\t\t\t<div class=\"e-con-inner\">\n\t\t\t\t<div class=\"elementor-element elementor-element-bf00027 header-title elementor-widget elementor-widget-heading\" data-id=\"bf00027\" data-element_type=\"widget\" data-widget_type=\"heading.default\">\n\t\t\t\t<div class=\"elementor-widget-container\">\n\t\t\t<style>\/*! elementor - v3.17.0 - 08-11-2023 *\/\n.elementor-heading-title{padding:0;margin:0;line-height:1}.elementor-widget-heading .elementor-heading-title[class*=elementor-size-]>a{color:inherit;font-size:inherit;line-height:inherit}.elementor-widget-heading .elementor-heading-title.elementor-size-small{font-size:15px}.elementor-widget-heading .elementor-heading-title.elementor-size-medium{font-size:19px}.elementor-widget-heading .elementor-heading-title.elementor-size-large{font-size:29px}.elementor-widget-heading .elementor-heading-title.elementor-size-xl{font-size:39px}.elementor-widget-heading .elementor-heading-title.elementor-size-xxl{font-size:59px}<\/style><h2 class=\"elementor-heading-title elementor-size-default\">Suspension System<\/h2>\t\t<\/div>\n\t\t\t\t<\/div>\n\t\t\t\t<div class=\"elementor-element elementor-element-f6e7ce3 elementor-align-center elementor-widget elementor-widget-breadcrumbs\" data-id=\"f6e7ce3\" data-element_type=\"widget\" data-widget_type=\"breadcrumbs.default\">\n\t\t\t\t<div class=\"elementor-widget-container\">\n\t\t\t<p id=\"breadcrumbs\"><span><span><a href=\"https:\/\/one-spain.com\/es\/\">Inicio<\/a><\/span><\/span><\/p>\t\t<\/div>\n\t\t\t\t<\/div>\n\t\t\t\t\t<\/div>\n\t\t\t\t<\/div>\n\t\t\t\t<section class=\"elementor-section elementor-top-section elementor-element elementor-element-281f2d10 content_sidebar elementor-section-boxed elementor-section-height-default elementor-section-height-default\" data-id=\"281f2d10\" data-element_type=\"section\">\n\t\t\t\t\t\t<div class=\"elementor-container elementor-column-gap-default\">\n\t\t\t\t\t<div class=\"elementor-column elementor-col-50 elementor-top-column elementor-element elementor-element-44541aa6 sidebar-menu elementor-hidden-mobile\" data-id=\"44541aa6\" data-element_type=\"column\">\n\t\t\t<div class=\"elementor-widget-wrap elementor-element-populated\">\n\t\t\t\t\t\t\t\t<section class=\"elementor-section elementor-inner-section elementor-element elementor-element-141f081 elementor-section-boxed elementor-section-height-default elementor-section-height-default\" data-id=\"141f081\" data-element_type=\"section\" data-settings=\"{&quot;sticky&quot;:&quot;top&quot;,&quot;sticky_on&quot;:[&quot;desktop&quot;],&quot;sticky_offset&quot;:0,&quot;sticky_effects_offset&quot;:0}\">\n\t\t\t\t\t\t<div class=\"elementor-container elementor-column-gap-default\">\n\t\t\t\t\t<div class=\"elementor-column elementor-col-100 elementor-inner-column elementor-element elementor-element-1114db94\" data-id=\"1114db94\" data-element_type=\"column\">\n\t\t\t<div class=\"elementor-widget-wrap elementor-element-populated\">\n\t\t\t\t\t\t\t\t<div class=\"elementor-element elementor-element-260312a6 elementor-widget elementor-widget-heading\" data-id=\"260312a6\" data-element_type=\"widget\" data-widget_type=\"heading.default\">\n\t\t\t\t<div class=\"elementor-widget-container\">\n\t\t\t<h2 class=\"elementor-heading-title elementor-size-default\">Productos<\/h2>\t\t<\/div>\n\t\t\t\t<\/div>\n\t\t\t\t<div class=\"elementor-element elementor-element-6ff7203a elementor-nav-menu--dropdown-none elementor-widget elementor-widget-nav-menu\" data-id=\"6ff7203a\" data-element_type=\"widget\" data-settings=\"{&quot;layout&quot;:&quot;vertical&quot;,&quot;submenu_icon&quot;:{&quot;value&quot;:&quot;&lt;i class=\\&quot;fas fa-caret-down\\&quot;&gt;&lt;\\\/i&gt;&quot;,&quot;library&quot;:&quot;fa-solid&quot;}}\" data-widget_type=\"nav-menu.default\">\n\t\t\t\t<div class=\"elementor-widget-container\">\n\t\t\t<link rel=\"stylesheet\" href=\"https:\/\/one-spain.com\/wp-content\/plugins\/elementor-pro\/assets\/css\/widget-nav-menu.min.css\">\t\t\t<nav migration_allowed=\"1\" migrated=\"0\" role=\"navigation\" class=\"elementor-nav-menu--main elementor-nav-menu__container elementor-nav-menu--layout-vertical e--pointer-none\">\n\t\t\t\t<ul id=\"menu-1-6ff7203a\" class=\"elementor-nav-menu sm-vertical\"><li class=\"menu-item menu-item-type-post_type menu-item-object-page menu-item-1730\"><a href=\"https:\/\/one-spain.com\/es\/productos-y-servicios\/piezas-del-motor\/\" class=\"elementor-item\">Piezas del Motor<\/a><\/li>\n<li class=\"menu-item menu-item-type-post_type menu-item-object-page menu-item-1731\"><a href=\"https:\/\/one-spain.com\/es\/productos-y-servicios\/lubricantes-y-aditivos\/\" class=\"elementor-item\">Lubricantes y Aditivos<\/a><\/li>\n<li class=\"menu-item menu-item-type-post_type menu-item-object-page menu-item-1732\"><a href=\"https:\/\/one-spain.com\/es\/productos-y-servicios\/sistema-de-filtracion\/\" class=\"elementor-item\">Sistema de Filtraci\u00f3n<\/a><\/li>\n<li class=\"menu-item menu-item-type-post_type menu-item-object-page menu-item-1733\"><a href=\"https:\/\/one-spain.com\/es\/productos-y-servicios\/sistema-de-calefaccion-y-refrigeracion\/\" class=\"elementor-item\">Sistema de Calefacci\u00f3n y Refrigeraci\u00f3n<\/a><\/li>\n<li class=\"menu-item menu-item-type-post_type menu-item-object-page menu-item-1734\"><a href=\"https:\/\/one-spain.com\/es\/productos-y-servicios\/sistema-de-suspension\/\" class=\"elementor-item\">Sistema de Suspensi\u00f3n<\/a><\/li>\n<li class=\"menu-item menu-item-type-post_type menu-item-object-page menu-item-1735\"><a href=\"https:\/\/one-spain.com\/es\/productos-y-servicios\/sistema-electrico\/\" class=\"elementor-item\">Sistema El\u00e9ctrico<\/a><\/li>\n<li class=\"menu-item menu-item-type-post_type menu-item-object-page menu-item-1736\"><a href=\"https:\/\/one-spain.com\/es\/productos-y-servicios\/sistema-de-frenos\/\" class=\"elementor-item\">Sistema de Frenos<\/a><\/li>\n<li class=\"menu-item menu-item-type-post_type menu-item-object-page menu-item-1737\"><a href=\"https:\/\/one-spain.com\/es\/productos-y-servicios\/sistema-de-transmision\/\" class=\"elementor-item\">Sistema de Transmisi\u00f3n<\/a><\/li>\n<li class=\"menu-item menu-item-type-post_type menu-item-object-page menu-item-1738\"><a href=\"https:\/\/one-spain.com\/es\/productos-y-servicios\/sistema-de-direccion-y-conduccion\/\" class=\"elementor-item\">Sistema de Direcci\u00f3n y Conducci\u00f3n<\/a><\/li>\n<li class=\"menu-item menu-item-type-post_type menu-item-object-page menu-item-1739\"><a href=\"https:\/\/one-spain.com\/es\/productos-y-servicios\/sistema-de-embrague\/\" class=\"elementor-item\">Sistema de Embrague<\/a><\/li>\n<li class=\"menu-item menu-item-type-post_type menu-item-object-page menu-item-1740\"><a href=\"https:\/\/one-spain.com\/es\/bateria\/\" class=\"elementor-item\">Bater\u00eda<\/a><\/li>\n<\/ul>\t\t\t<\/nav>\n\t\t\t\t\t<div class=\"elementor-menu-toggle\" role=\"button\" tabindex=\"0\" aria-label=\"Menu Toggle\" aria-expanded=\"false\">\n\t\t\t<i aria-hidden=\"true\" role=\"presentation\" class=\"eicon-menu-bar\"><\/i>\t\t\t<span class=\"elementor-screen-only\">Menu<\/span>\n\t\t<\/div>\n\t\t\t<nav class=\"elementor-nav-menu--dropdown elementor-nav-menu__container\" role=\"navigation\" aria-hidden=\"true\">\n\t\t\t\t<ul id=\"menu-2-6ff7203a\" class=\"elementor-nav-menu sm-vertical\"><li class=\"menu-item menu-item-type-post_type menu-item-object-page menu-item-1730\"><a href=\"https:\/\/one-spain.com\/es\/productos-y-servicios\/piezas-del-motor\/\" class=\"elementor-item\" tabindex=\"-1\">Piezas del Motor<\/a><\/li>\n<li class=\"menu-item menu-item-type-post_type menu-item-object-page menu-item-1731\"><a href=\"https:\/\/one-spain.com\/es\/productos-y-servicios\/lubricantes-y-aditivos\/\" class=\"elementor-item\" tabindex=\"-1\">Lubricantes y Aditivos<\/a><\/li>\n<li class=\"menu-item menu-item-type-post_type menu-item-object-page menu-item-1732\"><a href=\"https:\/\/one-spain.com\/es\/productos-y-servicios\/sistema-de-filtracion\/\" class=\"elementor-item\" tabindex=\"-1\">Sistema de Filtraci\u00f3n<\/a><\/li>\n<li class=\"menu-item menu-item-type-post_type menu-item-object-page menu-item-1733\"><a href=\"https:\/\/one-spain.com\/es\/productos-y-servicios\/sistema-de-calefaccion-y-refrigeracion\/\" class=\"elementor-item\" tabindex=\"-1\">Sistema de Calefacci\u00f3n y Refrigeraci\u00f3n<\/a><\/li>\n<li class=\"menu-item menu-item-type-post_type menu-item-object-page menu-item-1734\"><a href=\"https:\/\/one-spain.com\/es\/productos-y-servicios\/sistema-de-suspension\/\" class=\"elementor-item\" tabindex=\"-1\">Sistema de Suspensi\u00f3n<\/a><\/li>\n<li class=\"menu-item menu-item-type-post_type menu-item-object-page menu-item-1735\"><a href=\"https:\/\/one-spain.com\/es\/productos-y-servicios\/sistema-electrico\/\" class=\"elementor-item\" tabindex=\"-1\">Sistema El\u00e9ctrico<\/a><\/li>\n<li class=\"menu-item menu-item-type-post_type menu-item-object-page menu-item-1736\"><a href=\"https:\/\/one-spain.com\/es\/productos-y-servicios\/sistema-de-frenos\/\" class=\"elementor-item\" tabindex=\"-1\">Sistema de Frenos<\/a><\/li>\n<li class=\"menu-item menu-item-type-post_type menu-item-object-page menu-item-1737\"><a href=\"https:\/\/one-spain.com\/es\/productos-y-servicios\/sistema-de-transmision\/\" class=\"elementor-item\" tabindex=\"-1\">Sistema de Transmisi\u00f3n<\/a><\/li>\n<li class=\"menu-item menu-item-type-post_type menu-item-object-page menu-item-1738\"><a href=\"https:\/\/one-spain.com\/es\/productos-y-servicios\/sistema-de-direccion-y-conduccion\/\" class=\"elementor-item\" tabindex=\"-1\">Sistema de Direcci\u00f3n y Conducci\u00f3n<\/a><\/li>\n<li class=\"menu-item menu-item-type-post_type menu-item-object-page menu-item-1739\"><a href=\"https:\/\/one-spain.com\/es\/productos-y-servicios\/sistema-de-embrague\/\" class=\"elementor-item\" tabindex=\"-1\">Sistema de Embrague<\/a><\/li>\n<li class=\"menu-item menu-item-type-post_type menu-item-object-page menu-item-1740\"><a href=\"https:\/\/one-spain.com\/es\/bateria\/\" class=\"elementor-item\" tabindex=\"-1\">Bater\u00eda<\/a><\/li>\n<\/ul>\t\t\t<\/nav>\n\t\t\t\t<\/div>\n\t\t\t\t<\/div>\n\t\t\t\t\t<\/div>\n\t\t<\/div>\n\t\t\t\t\t\t\t<\/div>\n\t\t<\/section>\n\t\t\t\t\t<\/div>\n\t\t<\/div>\n\t\t\t\t<div class=\"elementor-column elementor-col-50 elementor-top-column elementor-element elementor-element-40f959c\" data-id=\"40f959c\" data-element_type=\"column\">\n\t\t\t<div class=\"elementor-widget-wrap elementor-element-populated\">\n\t\t\t\t\t\t\t\t<section class=\"elementor-section elementor-inner-section elementor-element elementor-element-90e416f uni-products-categories elementor-section-boxed elementor-section-height-default elementor-section-height-default\" data-id=\"90e416f\" data-element_type=\"section\" id=\"spare-parts\">\n\t\t\t\t\t\t<div class=\"elementor-container elementor-column-gap-default\">\n\t\t\t\t\t<div class=\"elementor-column elementor-col-100 elementor-inner-column elementor-element elementor-element-31edc6c2 overflow-right\" data-id=\"31edc6c2\" data-element_type=\"column\">\n\t\t\t<div class=\"elementor-widget-wrap elementor-element-populated\">\n\t\t\t\t\t\t\t\t<div class=\"elementor-element elementor-element-6d052724 elementor-widget elementor-widget-image\" data-id=\"6d052724\" data-element_type=\"widget\" data-widget_type=\"image.default\">\n\t\t\t\t<div class=\"elementor-widget-container\">\n\t\t\t<style>\/*! elementor - v3.17.0 - 08-11-2023 *\/\n.elementor-widget-image{text-align:center}.elementor-widget-image a{display:inline-block}.elementor-widget-image a img[src$=\".svg\"]{width:48px}.elementor-widget-image img{vertical-align:middle;display:inline-block}<\/style>\t\t\t\t\t\t\t\t\t\t\t\t<img loading=\"lazy\" decoding=\"async\" width=\"1500\" height=\"319\" src=\"https:\/\/one-spain.com\/wp-content\/uploads\/2023\/10\/suspision-banner.jpg\" class=\"attachment-full size-full wp-image-1399\" alt=\"\" srcset=\"https:\/\/one-spain.com\/wp-content\/uploads\/2023\/10\/suspision-banner.jpg 1500w, https:\/\/one-spain.com\/wp-content\/uploads\/2023\/10\/suspision-banner-300x64.jpg 300w, https:\/\/one-spain.com\/wp-content\/uploads\/2023\/10\/suspision-banner-1024x218.jpg 1024w, https:\/\/one-spain.com\/wp-content\/uploads\/2023\/10\/suspision-banner-768x163.jpg 768w\" sizes=\"auto, (max-width: 1500px) 100vw, 1500px\" \/>\t\t\t\t\t\t\t\t\t\t\t\t\t\t\t<\/div>\n\t\t\t\t<\/div>\n\t\t\t\t<section class=\"elementor-section elementor-inner-section elementor-element elementor-element-3010ae44 elementor-section-boxed elementor-section-height-default elementor-section-height-default\" data-id=\"3010ae44\" data-element_type=\"section\">\n\t\t\t\t\t\t<div class=\"elementor-container elementor-column-gap-default\">\n\t\t\t\t\t<div class=\"elementor-column elementor-col-100 elementor-inner-column elementor-element elementor-element-1411edd5 overflow-right\" data-id=\"1411edd5\" data-element_type=\"column\">\n\t\t\t<div class=\"elementor-widget-wrap elementor-element-populated\">\n\t\t\t\t\t\t\t\t<div class=\"elementor-element elementor-element-313c9e5e elementor-widget elementor-widget-text-editor\" data-id=\"313c9e5e\" data-element_type=\"widget\" data-widget_type=\"text-editor.default\">\n\t\t\t\t<div class=\"elementor-widget-container\">\n\t\t\t<style>\/*! elementor - v3.17.0 - 08-11-2023 *\/\n.elementor-widget-text-editor.elementor-drop-cap-view-stacked .elementor-drop-cap{background-color:#69727d;color:#fff}.elementor-widget-text-editor.elementor-drop-cap-view-framed .elementor-drop-cap{color:#69727d;border:3px solid;background-color:transparent}.elementor-widget-text-editor:not(.elementor-drop-cap-view-default) .elementor-drop-cap{margin-top:8px}.elementor-widget-text-editor:not(.elementor-drop-cap-view-default) .elementor-drop-cap-letter{width:1em;height:1em}.elementor-widget-text-editor .elementor-drop-cap{float:left;text-align:center;line-height:1;font-size:50px}.elementor-widget-text-editor .elementor-drop-cap-letter{display:inline-block}<\/style>\t\t\t\t<p>Mejora la suspensi\u00f3n de tu veh\u00edculo con nuestra selecci\u00f3n premium de piezas esenciales. Desde amortiguadores hasta sistemas de suspensi\u00f3n neum\u00e1tica, muelles, ajustadores y fuelles, tenemos cubiertas sus necesidades de suspensi\u00f3n. Logre una conducci\u00f3n m\u00e1s suave y c\u00f3moda y un manejo mejorado con estos componentes de alta calidad. Explora nuestra gama y transforma hoy tu experiencia de conducci\u00f3n.<\/p>\t\t\t\t\t\t<\/div>\n\t\t\t\t<\/div>\n\t\t\t\t<div class=\"elementor-element elementor-element-5f48e16d elementor-icon-list--layout-traditional elementor-list-item-link-full_width elementor-widget elementor-widget-icon-list\" data-id=\"5f48e16d\" data-element_type=\"widget\" data-widget_type=\"icon-list.default\">\n\t\t\t\t<div class=\"elementor-widget-container\">\n\t\t\t<link rel=\"stylesheet\" href=\"https:\/\/one-spain.com\/wp-content\/plugins\/elementor\/assets\/css\/widget-icon-list.min.css\">\t\t<ul class=\"elementor-icon-list-items\">\n\t\t\t\t\t\t\t<li class=\"elementor-icon-list-item\">\n\t\t\t\t\t\t\t\t\t\t\t<span class=\"elementor-icon-list-icon\">\n\t\t\t\t\t\t\t<i aria-hidden=\"true\" class=\"fas fa-chevron-right\"><\/i>\t\t\t\t\t\t<\/span>\n\t\t\t\t\t\t\t\t\t\t<span class=\"elementor-icon-list-text\">Fuelle, Suspensi\u00f3n Neum\u00e1tica<\/span>\n\t\t\t\t\t\t\t\t\t<\/li>\n\t\t\t\t\t\t\t\t<li class=\"elementor-icon-list-item\">\n\t\t\t\t\t\t\t\t\t\t\t<span class=\"elementor-icon-list-icon\">\n\t\t\t\t\t\t\t<i aria-hidden=\"true\" class=\"fas fa-chevron-right\"><\/i>\t\t\t\t\t\t<\/span>\n\t\t\t\t\t\t\t\t\t\t<span class=\"elementor-icon-list-text\">Resorte, Ajustador<\/span>\n\t\t\t\t\t\t\t\t\t<\/li>\n\t\t\t\t\t\t\t\t<li class=\"elementor-icon-list-item\">\n\t\t\t\t\t\t\t\t\t\t\t<span class=\"elementor-icon-list-icon\">\n\t\t\t\t\t\t\t<i aria-hidden=\"true\" class=\"fas fa-chevron-right\"><\/i>\t\t\t\t\t\t<\/span>\n\t\t\t\t\t\t\t\t\t\t<span class=\"elementor-icon-list-text\">Amortiguador<\/span>\n\t\t\t\t\t\t\t\t\t<\/li>\n\t\t\t\t\t\t<\/ul>\n\t\t\t\t<\/div>\n\t\t\t\t<\/div>\n\t\t\t\t\t<\/div>\n\t\t<\/div>\n\t\t\t\t\t\t\t<\/div>\n\t\t<\/section>\n\t\t\t\t\t<\/div>\n\t\t<\/div>\n\t\t\t\t\t\t\t<\/div>\n\t\t<\/section>\n\t\t\t\t\t<\/div>\n\t\t<\/div>\n\t\t\t\t\t\t\t<\/div>\n\t\t<\/section>\n\t\t\t\t\t\t\t<\/div>\n\t\t","protected":false},"excerpt":{"rendered":"<p>Suspension System Productos Mejora la suspensi\u00f3n de tu veh\u00edculo con nuestra selecci\u00f3n premium de piezas esenciales. Desde amortiguadores hasta sistemas de suspensi\u00f3n neum\u00e1tica, muelles, ajustadores y fuelles, tenemos cubiertas sus necesidades de suspensi\u00f3n. Logre una conducci\u00f3n m\u00e1s suave y c\u00f3moda y un manejo mejorado con estos componentes de alta calidad. Explora nuestra gama y transforma [&hellip;]<\/p>\n","protected":false},"author":1,"featured_media":0,"parent":1575,"menu_order":0,"comment_status":"closed","ping_status":"closed","template":"elementor_header_footer","meta":{"footnotes":""},"class_list":["post-1616","page","type-page","status-publish","hentry"],"yoast_head":"<!-- This site is optimized with the Yoast SEO plugin v21.5 - https:\/\/yoast.com\/wordpress\/plugins\/seo\/ -->\n<title>Sistema de Suspensi\u00f3n - Oneparts<\/title>\n<meta name=\"robots\" content=\"index, follow, max-snippet:-1, max-image-preview:large, max-video-preview:-1\" \/>\n<link rel=\"canonical\" href=\"https:\/\/one-spain.com\/es\/productos-y-servicios\/sistema-de-suspension\/\" \/>\n<meta property=\"og:locale\" content=\"es_ES\" \/>\n<meta property=\"og:type\" content=\"article\" \/>\n<meta property=\"og:title\" content=\"Sistema de Suspensi\u00f3n - Oneparts\" \/>\n<meta property=\"og:description\" content=\"Suspension System Productos Mejora la suspensi\u00f3n de tu veh\u00edculo con nuestra selecci\u00f3n premium de piezas esenciales. Desde amortiguadores hasta sistemas de suspensi\u00f3n neum\u00e1tica, muelles, ajustadores y fuelles, tenemos cubiertas sus necesidades de suspensi\u00f3n. Logre una conducci\u00f3n m\u00e1s suave y c\u00f3moda y un manejo mejorado con estos componentes de alta calidad. Explora nuestra gama y transforma [&hellip;]\" \/>\n<meta property=\"og:url\" content=\"https:\/\/one-spain.com\/es\/productos-y-servicios\/sistema-de-suspension\/\" \/>\n<meta property=\"og:site_name\" content=\"Oneparts\" \/>\n<meta property=\"article:modified_time\" content=\"2023-11-21T16:34:04+00:00\" \/>\n<meta property=\"og:image\" content=\"https:\/\/one-spain.com\/wp-content\/uploads\/2023\/10\/suspision-banner.jpg\" \/>\n<meta name=\"twitter:card\" content=\"summary_large_image\" \/>\n<meta name=\"twitter:label1\" content=\"Tiempo de lectura\" \/>\n\t<meta name=\"twitter:data1\" content=\"1 minuto\" \/>\n<script type=\"application\/ld+json\" class=\"yoast-schema-graph\">{\"@context\":\"https:\/\/schema.org\",\"@graph\":[{\"@type\":\"WebPage\",\"@id\":\"https:\/\/one-spain.com\/es\/productos-y-servicios\/sistema-de-suspension\/\",\"url\":\"https:\/\/one-spain.com\/es\/productos-y-servicios\/sistema-de-suspension\/\",\"name\":\"Sistema de Suspensi\u00f3n - Oneparts\",\"isPartOf\":{\"@id\":\"https:\/\/one-spain.com\/es\/#website\"},\"datePublished\":\"2023-07-04T10:07:50+00:00\",\"dateModified\":\"2023-11-21T16:34:04+00:00\",\"breadcrumb\":{\"@id\":\"https:\/\/one-spain.com\/es\/productos-y-servicios\/sistema-de-suspension\/#breadcrumb\"},\"inLanguage\":\"es\",\"potentialAction\":[{\"@type\":\"ReadAction\",\"target\":[\"https:\/\/one-spain.com\/es\/productos-y-servicios\/sistema-de-suspension\/\"]}]},{\"@type\":\"BreadcrumbList\",\"@id\":\"https:\/\/one-spain.com\/es\/productos-y-servicios\/sistema-de-suspension\/#breadcrumb\",\"itemListElement\":[{\"@type\":\"ListItem\",\"position\":1,\"name\":\"Inicio\",\"item\":\"https:\/\/one-spain.com\/es\/\"},{\"@type\":\"ListItem\",\"position\":2,\"name\":\"Productos y Servicios\",\"item\":\"https:\/\/one-spain.com\/es\/productos-y-servicios\/\"},{\"@type\":\"ListItem\",\"position\":3,\"name\":\"Sistema de Suspensi\u00f3n\"}]},{\"@type\":\"WebSite\",\"@id\":\"https:\/\/one-spain.com\/es\/#website\",\"url\":\"https:\/\/one-spain.com\/es\/\",\"name\":\"Oneparts\",\"description\":\"\",\"potentialAction\":[{\"@type\":\"SearchAction\",\"target\":{\"@type\":\"EntryPoint\",\"urlTemplate\":\"https:\/\/one-spain.com\/es\/?s={search_term_string}\"},\"query-input\":\"required name=search_term_string\"}],\"inLanguage\":\"es\"}]}<\/script>\n<!-- \/ Yoast SEO plugin. -->","yoast_head_json":{"title":"Sistema de Suspensi\u00f3n - Oneparts","robots":{"index":"index","follow":"follow","max-snippet":"max-snippet:-1","max-image-preview":"max-image-preview:large","max-video-preview":"max-video-preview:-1"},"canonical":"https:\/\/one-spain.com\/es\/productos-y-servicios\/sistema-de-suspension\/","og_locale":"es_ES","og_type":"article","og_title":"Sistema de Suspensi\u00f3n - Oneparts","og_description":"Suspension System Productos Mejora la suspensi\u00f3n de tu veh\u00edculo con nuestra selecci\u00f3n premium de piezas esenciales. Desde amortiguadores hasta sistemas de suspensi\u00f3n neum\u00e1tica, muelles, ajustadores y fuelles, tenemos cubiertas sus necesidades de suspensi\u00f3n. Logre una conducci\u00f3n m\u00e1s suave y c\u00f3moda y un manejo mejorado con estos componentes de alta calidad. Explora nuestra gama y transforma [&hellip;]","og_url":"https:\/\/one-spain.com\/es\/productos-y-servicios\/sistema-de-suspension\/","og_site_name":"Oneparts","article_modified_time":"2023-11-21T16:34:04+00:00","og_image":[{"url":"https:\/\/one-spain.com\/wp-content\/uploads\/2023\/10\/suspision-banner.jpg"}],"twitter_card":"summary_large_image","twitter_misc":{"Tiempo de lectura":"1 minuto"},"schema":{"@context":"https:\/\/schema.org","@graph":[{"@type":"WebPage","@id":"https:\/\/one-spain.com\/es\/productos-y-servicios\/sistema-de-suspension\/","url":"https:\/\/one-spain.com\/es\/productos-y-servicios\/sistema-de-suspension\/","name":"Sistema de Suspensi\u00f3n - Oneparts","isPartOf":{"@id":"https:\/\/one-spain.com\/es\/#website"},"datePublished":"2023-07-04T10:07:50+00:00","dateModified":"2023-11-21T16:34:04+00:00","breadcrumb":{"@id":"https:\/\/one-spain.com\/es\/productos-y-servicios\/sistema-de-suspension\/#breadcrumb"},"inLanguage":"es","potentialAction":[{"@type":"ReadAction","target":["https:\/\/one-spain.com\/es\/productos-y-servicios\/sistema-de-suspension\/"]}]},{"@type":"BreadcrumbList","@id":"https:\/\/one-spain.com\/es\/productos-y-servicios\/sistema-de-suspension\/#breadcrumb","itemListElement":[{"@type":"ListItem","position":1,"name":"Inicio","item":"https:\/\/one-spain.com\/es\/"},{"@type":"ListItem","position":2,"name":"Productos y Servicios","item":"https:\/\/one-spain.com\/es\/productos-y-servicios\/"},{"@type":"ListItem","position":3,"name":"Sistema de Suspensi\u00f3n"}]},{"@type":"WebSite","@id":"https:\/\/one-spain.com\/es\/#website","url":"https:\/\/one-spain.com\/es\/","name":"Oneparts","description":"","potentialAction":[{"@type":"SearchAction","target":{"@type":"EntryPoint","urlTemplate":"https:\/\/one-spain.com\/es\/?s={search_term_string}"},"query-input":"required name=search_term_string"}],"inLanguage":"es"}]}},"_links":{"self":[{"href":"https:\/\/one-spain.com\/es\/wp-json\/wp\/v2\/pages\/1616","targetHints":{"allow":["GET"]}}],"collection":[{"href":"https:\/\/one-spain.com\/es\/wp-json\/wp\/v2\/pages"}],"about":[{"href":"https:\/\/one-spain.com\/es\/wp-json\/wp\/v2\/types\/page"}],"author":[{"embeddable":true,"href":"https:\/\/one-spain.com\/es\/wp-json\/wp\/v2\/users\/1"}],"replies":[{"embeddable":true,"href":"https:\/\/one-spain.com\/es\/wp-json\/wp\/v2\/comments?post=1616"}],"version-history":[{"count":7,"href":"https:\/\/one-spain.com\/es\/wp-json\/wp\/v2\/pages\/1616\/revisions"}],"predecessor-version":[{"id":1692,"href":"https:\/\/one-spain.com\/es\/wp-json\/wp\/v2\/pages\/1616\/revisions\/1692"}],"up":[{"embeddable":true,"href":"https:\/\/one-spain.com\/es\/wp-json\/wp\/v2\/pages\/1575"}],"wp:attachment":[{"href":"https:\/\/one-spain.com\/es\/wp-json\/wp\/v2\/media?parent=1616"}],"curies":[{"name":"wp","href":"https:\/\/api.w.org\/{rel}","templated":true}]}}